{"id":291,"date":"2020-08-29T13:19:20","date_gmt":"2020-08-29T10:19:20","guid":{"rendered":"http:\/\/yolmed.com\/?post_type=product&#038;p=291"},"modified":"2024-03-01T07:11:08","modified_gmt":"2024-03-01T04:11:08","slug":"tip-iii-koledok-kisti","status":"publish","type":"product","link":"https:\/\/www.yolmed.com\/en\/urun\/tip-iii-koledok-kisti\/","title":{"rendered":"Tip III &#8211; Koledok Kisti"},"content":{"rendered":"<p>Koledo\u011fun intraduodenal k\u0131sm\u0131n\u0131n kistik dilatasyonu olan tipidir (Koledokosel).<\/p>\n","protected":false},"excerpt":{"rendered":"<p>Koledo\u011fun intraduodenal k\u0131sm\u0131n\u0131n kistik dilatasyonu olan tipidir (Koledokosel).<\/p>\n","protected":false},"featured_media":396,"comment_status":"open","ping_status":"closed","template":"","meta":{"inline_featured_image":false},"class_list":["post-291","product","type-product","status-publish","has-post-thumbnail","hentry","product_cat-cocuk-cerrahisi","product_tag-cocukcerrahisi","product_tag-koledokkisti","no-featured-image-padding"],"_links":{"self":[{"href":"https:\/\/www.yolmed.com\/en\/wp-json\/wp\/v2\/product\/291"}],"collection":[{"href":"https:\/\/www.yolmed.com\/en\/wp-json\/wp\/v2\/product"}],"about":[{"href":"https:\/\/www.yolmed.com\/en\/wp-json\/wp\/v2\/types\/product"}],"replies":[{"embeddable":true,"href":"https:\/\/www.yolmed.com\/en\/wp-json\/wp\/v2\/comments?post=291"}],"wp:featuredmedia":[{"embeddable":true,"href":"https:\/\/www.yolmed.com\/en\/wp-json\/wp\/v2\/media\/396"}],"wp:attachment":[{"href":"https:\/\/www.yolmed.com\/en\/wp-json\/wp\/v2\/media?parent=291"}],"curies":[{"name":"wp","href":"https:\/\/api.w.org\/{rel}","templated":true}]}}