{"id":361,"date":"2020-08-29T18:55:34","date_gmt":"2020-08-29T15:55:34","guid":{"rendered":"http:\/\/yolmed.com\/?post_type=product&#038;p=361"},"modified":"2024-03-09T02:02:41","modified_gmt":"2024-03-08T23:02:41","slug":"tip-v-koledok-kisti","status":"publish","type":"product","link":"https:\/\/www.yolmed.com\/en\/urun\/tip-v-koledok-kisti\/","title":{"rendered":"Tip V &#8211; Koledok Kisti"},"content":{"rendered":"<p>Sadece intrahepatik safra yollar\u0131nda tek ya da multipl kistler (Caroli hastal\u0131\u011f\u0131) olan tipidir.<\/p>\n","protected":false},"excerpt":{"rendered":"<p>Sadece intrahepatik safra yollar\u0131nda tek ya da multipl kistler (Caroli hastal\u0131\u011f\u0131) olan tipidir.<\/p>\n","protected":false},"featured_media":398,"comment_status":"open","ping_status":"closed","template":"","meta":{"inline_featured_image":false},"class_list":["post-361","product","type-product","status-publish","has-post-thumbnail","hentry","product_cat-cocuk-cerrahisi","product_tag-cocukcerrahisi","product_tag-koledokkisti","no-featured-image-padding"],"_links":{"self":[{"href":"https:\/\/www.yolmed.com\/en\/wp-json\/wp\/v2\/product\/361"}],"collection":[{"href":"https:\/\/www.yolmed.com\/en\/wp-json\/wp\/v2\/product"}],"about":[{"href":"https:\/\/www.yolmed.com\/en\/wp-json\/wp\/v2\/types\/product"}],"replies":[{"embeddable":true,"href":"https:\/\/www.yolmed.com\/en\/wp-json\/wp\/v2\/comments?post=361"}],"wp:featuredmedia":[{"embeddable":true,"href":"https:\/\/www.yolmed.com\/en\/wp-json\/wp\/v2\/media\/398"}],"wp:attachment":[{"href":"https:\/\/www.yolmed.com\/en\/wp-json\/wp\/v2\/media?parent=361"}],"curies":[{"name":"wp","href":"https:\/\/api.w.org\/{rel}","templated":true}]}}