{"id":362,"date":"2020-08-29T19:00:44","date_gmt":"2020-08-29T16:00:44","guid":{"rendered":"http:\/\/yolmed.com\/?post_type=product&#038;p=362"},"modified":"2024-03-09T00:53:18","modified_gmt":"2024-03-08T21:53:18","slug":"normal-anatomi-anorektal-malformasyon-erkek","status":"publish","type":"product","link":"https:\/\/www.yolmed.com\/en\/urun\/normal-anatomi-anorektal-malformasyon-erkek\/","title":{"rendered":"Normal Anatomi &#8211; Anorektal Malformasyon (Erkek)"},"content":{"rendered":"<p>Normal, sa\u011fl\u0131kl\u0131 olan tipidir.<\/p>\n","protected":false},"excerpt":{"rendered":"<p>Normal, sa\u011fl\u0131kl\u0131 olan tipidir.<\/p>\n","protected":false},"featured_media":383,"comment_status":"open","ping_status":"closed","template":"","meta":{"inline_featured_image":false},"class_list":["post-362","product","type-product","status-publish","has-post-thumbnail","hentry","product_cat-cocuk-cerrahisi","product_tag-anorektal-malformasyon","product_tag-cocukcerrahisi","no-featured-image-padding"],"_links":{"self":[{"href":"https:\/\/www.yolmed.com\/en\/wp-json\/wp\/v2\/product\/362"}],"collection":[{"href":"https:\/\/www.yolmed.com\/en\/wp-json\/wp\/v2\/product"}],"about":[{"href":"https:\/\/www.yolmed.com\/en\/wp-json\/wp\/v2\/types\/product"}],"replies":[{"embeddable":true,"href":"https:\/\/www.yolmed.com\/en\/wp-json\/wp\/v2\/comments?post=362"}],"wp:featuredmedia":[{"embeddable":true,"href":"https:\/\/www.yolmed.com\/en\/wp-json\/wp\/v2\/media\/383"}],"wp:attachment":[{"href":"https:\/\/www.yolmed.com\/en\/wp-json\/wp\/v2\/media?parent=362"}],"curies":[{"name":"wp","href":"https:\/\/api.w.org\/{rel}","templated":true}]}}