{"id":363,"date":"2020-08-29T19:04:50","date_gmt":"2020-08-29T16:04:50","guid":{"rendered":"http:\/\/yolmed.com\/?post_type=product&#038;p=363"},"modified":"2021-03-02T16:29:35","modified_gmt":"2021-03-02T13:29:35","slug":"perineal-fistul-anorektal-malformasyon-erkek","status":"publish","type":"product","link":"https:\/\/www.yolmed.com\/en\/urun\/perineal-fistul-anorektal-malformasyon-erkek\/","title":{"rendered":"Perineal Fist\u00fcl &#8211; Anorektal Malformasyon (Erkek)"},"content":{"rendered":"<p>Ba\u011f\u0131rsak, pelvik kas kompleksinin merkezine de\u011fil, perinede daha anteriora a\u00e7\u0131lan tipidir.<\/p>\n","protected":false},"excerpt":{"rendered":"<p>Ba\u011f\u0131rsak, pelvik kas kompleksinin merkezine de\u011fil, perinede daha anteriora a\u00e7\u0131lan tipidir.<\/p>\n","protected":false},"featured_media":384,"comment_status":"open","ping_status":"closed","template":"","meta":{"inline_featured_image":false},"class_list":["post-363","product","type-product","status-publish","has-post-thumbnail","hentry","product_cat-cocuk-cerrahisi","product_tag-anorektal-malformasyon","product_tag-cocukcerrahisi","no-featured-image-padding"],"_links":{"self":[{"href":"https:\/\/www.yolmed.com\/en\/wp-json\/wp\/v2\/product\/363"}],"collection":[{"href":"https:\/\/www.yolmed.com\/en\/wp-json\/wp\/v2\/product"}],"about":[{"href":"https:\/\/www.yolmed.com\/en\/wp-json\/wp\/v2\/types\/product"}],"replies":[{"embeddable":true,"href":"https:\/\/www.yolmed.com\/en\/wp-json\/wp\/v2\/comments?post=363"}],"wp:featuredmedia":[{"embeddable":true,"href":"https:\/\/www.yolmed.com\/en\/wp-json\/wp\/v2\/media\/384"}],"wp:attachment":[{"href":"https:\/\/www.yolmed.com\/en\/wp-json\/wp\/v2\/media?parent=363"}],"curies":[{"name":"wp","href":"https:\/\/api.w.org\/{rel}","templated":true}]}}