{"id":364,"date":"2020-08-29T19:07:00","date_gmt":"2020-08-29T16:07:00","guid":{"rendered":"http:\/\/yolmed.com\/?post_type=product&#038;p=364"},"modified":"2024-03-09T04:52:06","modified_gmt":"2024-03-09T01:52:06","slug":"prostatik-fistul-anorektal-malformasyon-erkek","status":"publish","type":"product","link":"https:\/\/www.yolmed.com\/en\/urun\/prostatik-fistul-anorektal-malformasyon-erkek\/","title":{"rendered":"Prostatik Fist\u00fcl &#8211; Anorektal Malformasyon (Erkek)"},"content":{"rendered":"<p>An\u00fcs olmas\u0131 gereken yerde cilt kapal\u0131d\u0131r. Ba\u011f\u0131rsak kas kompleksinin d\u0131\u015f\u0131nda ve prostatik \u00fcretraya a\u00e7\u0131lan tipidir.<\/p>\n","protected":false},"excerpt":{"rendered":"<p>An\u00fcs olmas\u0131 gereken yerde cilt kapal\u0131d\u0131r. Ba\u011f\u0131rsak kas kompleksinin d\u0131\u015f\u0131nda ve prostatik \u00fcretraya a\u00e7\u0131lan tipidir.<\/p>\n","protected":false},"featured_media":429,"comment_status":"open","ping_status":"closed","template":"","meta":{"inline_featured_image":false},"class_list":["post-364","product","type-product","status-publish","has-post-thumbnail","hentry","product_cat-cocuk-cerrahisi","product_tag-anorektal-malformasyon","product_tag-cocukcerrahisi","no-featured-image-padding"],"_links":{"self":[{"href":"https:\/\/www.yolmed.com\/en\/wp-json\/wp\/v2\/product\/364"}],"collection":[{"href":"https:\/\/www.yolmed.com\/en\/wp-json\/wp\/v2\/product"}],"about":[{"href":"https:\/\/www.yolmed.com\/en\/wp-json\/wp\/v2\/types\/product"}],"replies":[{"embeddable":true,"href":"https:\/\/www.yolmed.com\/en\/wp-json\/wp\/v2\/comments?post=364"}],"wp:featuredmedia":[{"embeddable":true,"href":"https:\/\/www.yolmed.com\/en\/wp-json\/wp\/v2\/media\/429"}],"wp:attachment":[{"href":"https:\/\/www.yolmed.com\/en\/wp-json\/wp\/v2\/media?parent=364"}],"curies":[{"name":"wp","href":"https:\/\/api.w.org\/{rel}","templated":true}]}}