{"id":365,"date":"2020-08-29T19:09:50","date_gmt":"2020-08-29T16:09:50","guid":{"rendered":"http:\/\/yolmed.com\/?post_type=product&#038;p=365"},"modified":"2024-03-09T07:19:50","modified_gmt":"2024-03-09T04:19:50","slug":"vezikal-fistul-anorektal-malformasyon-erkek","status":"publish","type":"product","link":"https:\/\/www.yolmed.com\/en\/urun\/vezikal-fistul-anorektal-malformasyon-erkek\/","title":{"rendered":"Vezikal Fist\u00fcl &#8211; Anorektal Malformasyon (Erkek)"},"content":{"rendered":"<p>An\u00fcs olmas\u0131 gereken yerde cilt kapal\u0131d\u0131r. Ba\u011f\u0131rsak mesaneye a\u00e7\u0131lmaktad\u0131r.<\/p>\n","protected":false},"excerpt":{"rendered":"<p>An\u00fcs olmas\u0131 gereken yerde cilt kapal\u0131d\u0131r. Ba\u011f\u0131rsak mesaneye a\u00e7\u0131lmaktad\u0131r.<\/p>\n","protected":false},"featured_media":386,"comment_status":"open","ping_status":"closed","template":"","meta":{"inline_featured_image":false},"class_list":["post-365","product","type-product","status-publish","has-post-thumbnail","hentry","product_cat-cocuk-cerrahisi","product_tag-anorektal-malformasyon","product_tag-cocukcerrahisi","no-featured-image-padding"],"_links":{"self":[{"href":"https:\/\/www.yolmed.com\/en\/wp-json\/wp\/v2\/product\/365"}],"collection":[{"href":"https:\/\/www.yolmed.com\/en\/wp-json\/wp\/v2\/product"}],"about":[{"href":"https:\/\/www.yolmed.com\/en\/wp-json\/wp\/v2\/types\/product"}],"replies":[{"embeddable":true,"href":"https:\/\/www.yolmed.com\/en\/wp-json\/wp\/v2\/comments?post=365"}],"wp:featuredmedia":[{"embeddable":true,"href":"https:\/\/www.yolmed.com\/en\/wp-json\/wp\/v2\/media\/386"}],"wp:attachment":[{"href":"https:\/\/www.yolmed.com\/en\/wp-json\/wp\/v2\/media?parent=365"}],"curies":[{"name":"wp","href":"https:\/\/api.w.org\/{rel}","templated":true}]}}