{"id":367,"date":"2020-08-29T19:14:05","date_gmt":"2020-08-29T16:14:05","guid":{"rendered":"http:\/\/yolmed.com\/?post_type=product&#038;p=367"},"modified":"2021-03-02T16:29:26","modified_gmt":"2021-03-02T13:29:26","slug":"fistulsuz-anorektal-malformasyon-erkek","status":"publish","type":"product","link":"https:\/\/www.yolmed.com\/en\/urun\/fistulsuz-anorektal-malformasyon-erkek\/","title":{"rendered":"Fist\u00fcls\u00fcz &#8211; Anorektal Malformasyon (Erkek)"},"content":{"rendered":"<p>Ba\u011f\u0131rsak, kas kompleksinin d\u0131\u015f\u0131nda ve k\u00f6r sonlanmaktad\u0131r. An\u00fcs olmas\u0131 gereken yerde cilt kapal\u0131 olan tipidir.<\/p>\n","protected":false},"excerpt":{"rendered":"<p>Ba\u011f\u0131rsak, kas kompleksinin d\u0131\u015f\u0131nda ve k\u00f6r sonlanmaktad\u0131r. An\u00fcs olmas\u0131 gereken yerde cilt kapal\u0131 olan tipidir.<\/p>\n","protected":false},"featured_media":387,"comment_status":"open","ping_status":"closed","template":"","meta":{"inline_featured_image":false},"class_list":["post-367","product","type-product","status-publish","has-post-thumbnail","hentry","product_cat-cocuk-cerrahisi","product_tag-anorektal-malformasyon","product_tag-cocukcerrahisi","no-featured-image-padding"],"_links":{"self":[{"href":"https:\/\/www.yolmed.com\/en\/wp-json\/wp\/v2\/product\/367"}],"collection":[{"href":"https:\/\/www.yolmed.com\/en\/wp-json\/wp\/v2\/product"}],"about":[{"href":"https:\/\/www.yolmed.com\/en\/wp-json\/wp\/v2\/types\/product"}],"replies":[{"embeddable":true,"href":"https:\/\/www.yolmed.com\/en\/wp-json\/wp\/v2\/comments?post=367"}],"wp:featuredmedia":[{"embeddable":true,"href":"https:\/\/www.yolmed.com\/en\/wp-json\/wp\/v2\/media\/387"}],"wp:attachment":[{"href":"https:\/\/www.yolmed.com\/en\/wp-json\/wp\/v2\/media?parent=367"}],"curies":[{"name":"wp","href":"https:\/\/api.w.org\/{rel}","templated":true}]}}