{"id":368,"date":"2020-08-29T19:20:52","date_gmt":"2020-08-29T16:20:52","guid":{"rendered":"http:\/\/yolmed.com\/?post_type=product&#038;p=368"},"modified":"2024-03-09T07:31:56","modified_gmt":"2024-03-09T04:31:56","slug":"normal-anatomi-anorektal-malformasyon-kiz","status":"publish","type":"product","link":"https:\/\/www.yolmed.com\/en\/urun\/normal-anatomi-anorektal-malformasyon-kiz\/","title":{"rendered":"Normal Anatomi &#8211; Anorektal Malformasyon (K\u0131z)"},"content":{"rendered":"<p>Normal, sa\u011fl\u0131kl\u0131 olan tipidir.<\/p>\n","protected":false},"excerpt":{"rendered":"<p>Normal, sa\u011fl\u0131kl\u0131 olan tipidir.<\/p>\n","protected":false},"featured_media":388,"comment_status":"open","ping_status":"closed","template":"","meta":{"inline_featured_image":false},"class_list":["post-368","product","type-product","status-publish","has-post-thumbnail","hentry","product_cat-cocuk-cerrahisi","product_tag-anorektal-malformasyon","product_tag-cocukcerrahisi","no-featured-image-padding"],"_links":{"self":[{"href":"https:\/\/www.yolmed.com\/en\/wp-json\/wp\/v2\/product\/368"}],"collection":[{"href":"https:\/\/www.yolmed.com\/en\/wp-json\/wp\/v2\/product"}],"about":[{"href":"https:\/\/www.yolmed.com\/en\/wp-json\/wp\/v2\/types\/product"}],"replies":[{"embeddable":true,"href":"https:\/\/www.yolmed.com\/en\/wp-json\/wp\/v2\/comments?post=368"}],"wp:featuredmedia":[{"embeddable":true,"href":"https:\/\/www.yolmed.com\/en\/wp-json\/wp\/v2\/media\/388"}],"wp:attachment":[{"href":"https:\/\/www.yolmed.com\/en\/wp-json\/wp\/v2\/media?parent=368"}],"curies":[{"name":"wp","href":"https:\/\/api.w.org\/{rel}","templated":true}]}}