{"id":371,"date":"2020-08-29T19:29:32","date_gmt":"2020-08-29T16:29:32","guid":{"rendered":"http:\/\/yolmed.com\/?post_type=product&#038;p=371"},"modified":"2024-03-09T01:08:16","modified_gmt":"2024-03-08T22:08:16","slug":"persistan-kloaka-kisa-ortak-kanal-anorektal-malformasyon-kiz","status":"publish","type":"product","link":"https:\/\/www.yolmed.com\/en\/urun\/persistan-kloaka-kisa-ortak-kanal-anorektal-malformasyon-kiz\/","title":{"rendered":"Persistan Kloaka (K\u0131sa Ortak Kanal) &#8211; Anorektal Malformasyon (K\u0131z)"},"content":{"rendered":"<p>An\u00fcs olmas\u0131 gereken yerde cilt kapal\u0131d\u0131r. Ba\u011f\u0131rsak, \u00fcretra ve vagina 3 cm&#8217;den k\u0131sa bir ortak kanal (common channel) ile d\u0131\u015far\u0131 a\u00e7\u0131lan tipidir.<\/p>\n","protected":false},"excerpt":{"rendered":"","protected":false},"featured_media":391,"comment_status":"open","ping_status":"closed","template":"","meta":{"inline_featured_image":false},"class_list":["post-371","product","type-product","status-publish","has-post-thumbnail","hentry","product_cat-cocuk-cerrahisi","product_tag-anorektal-malformasyon","product_tag-cocukcerrahisi","no-featured-image-padding"],"_links":{"self":[{"href":"https:\/\/www.yolmed.com\/en\/wp-json\/wp\/v2\/product\/371"}],"collection":[{"href":"https:\/\/www.yolmed.com\/en\/wp-json\/wp\/v2\/product"}],"about":[{"href":"https:\/\/www.yolmed.com\/en\/wp-json\/wp\/v2\/types\/product"}],"replies":[{"embeddable":true,"href":"https:\/\/www.yolmed.com\/en\/wp-json\/wp\/v2\/comments?post=371"}],"wp:featuredmedia":[{"embeddable":true,"href":"https:\/\/www.yolmed.com\/en\/wp-json\/wp\/v2\/media\/391"}],"wp:attachment":[{"href":"https:\/\/www.yolmed.com\/en\/wp-json\/wp\/v2\/media?parent=371"}],"curies":[{"name":"wp","href":"https:\/\/api.w.org\/{rel}","templated":true}]}}