{"id":372,"date":"2020-08-29T19:31:32","date_gmt":"2020-08-29T16:31:32","guid":{"rendered":"http:\/\/yolmed.com\/?post_type=product&#038;p=372"},"modified":"2024-03-09T08:24:33","modified_gmt":"2024-03-09T05:24:33","slug":"persistan-kloaka-uzun-ortak-kanal-anorektal-malformasyon-kiz","status":"publish","type":"product","link":"https:\/\/www.yolmed.com\/en\/urun\/persistan-kloaka-uzun-ortak-kanal-anorektal-malformasyon-kiz\/","title":{"rendered":"Persistan Kloaka (Uzun Ortak Kanal) &#8211; Anorektal Malformasyon (K\u0131z)"},"content":{"rendered":"<p>An\u00fcs olmas\u0131 gereken yerde cilt kapal\u0131d\u0131r. Ba\u011f\u0131rsak, \u00fcretra ve vagina uzun bir ortak kanal (common channel) ile d\u0131\u015far\u0131 a\u00e7\u0131lan tipidir.<\/p>\n","protected":false},"excerpt":{"rendered":"<p>An\u00fcs olmas\u0131 gereken yerde cilt kapal\u0131d\u0131r. Ba\u011f\u0131rsak, \u00fcretra ve vagina uzun bir ortak kanal (common channel) ile d\u0131\u015far\u0131 a\u00e7\u0131lan tipidir.<\/p>\n","protected":false},"featured_media":392,"comment_status":"open","ping_status":"closed","template":"","meta":{"inline_featured_image":false},"class_list":["post-372","product","type-product","status-publish","has-post-thumbnail","hentry","product_cat-cocuk-cerrahisi","product_tag-anorektal-malformasyon","product_tag-cocukcerrahisi","no-featured-image-padding"],"_links":{"self":[{"href":"https:\/\/www.yolmed.com\/en\/wp-json\/wp\/v2\/product\/372"}],"collection":[{"href":"https:\/\/www.yolmed.com\/en\/wp-json\/wp\/v2\/product"}],"about":[{"href":"https:\/\/www.yolmed.com\/en\/wp-json\/wp\/v2\/types\/product"}],"replies":[{"embeddable":true,"href":"https:\/\/www.yolmed.com\/en\/wp-json\/wp\/v2\/comments?post=372"}],"wp:featuredmedia":[{"embeddable":true,"href":"https:\/\/www.yolmed.com\/en\/wp-json\/wp\/v2\/media\/392"}],"wp:attachment":[{"href":"https:\/\/www.yolmed.com\/en\/wp-json\/wp\/v2\/media?parent=372"}],"curies":[{"name":"wp","href":"https:\/\/api.w.org\/{rel}","templated":true}]}}