{"id":373,"date":"2020-08-29T19:36:32","date_gmt":"2020-08-29T16:36:32","guid":{"rendered":"http:\/\/yolmed.com\/?post_type=product&#038;p=373"},"modified":"2024-03-01T09:25:06","modified_gmt":"2024-03-01T06:25:06","slug":"grade-1-vezikoureteral-reflu-vur","status":"publish","type":"product","link":"https:\/\/www.yolmed.com\/en\/urun\/grade-1-vezikoureteral-reflu-vur\/","title":{"rendered":"Grade 1 &#8211; Veziko\u00fcreteral Refl\u00fc (VUR)"},"content":{"rendered":"<p>Renal pelvise ula\u015fmayan refl\u00fc, farkl\u0131 derecelerde \u00fcreteral dilatasyon olan tipidir.<\/p>\n","protected":false},"excerpt":{"rendered":"","protected":false},"featured_media":405,"comment_status":"open","ping_status":"closed","template":"","meta":{"inline_featured_image":false},"class_list":["post-373","product","type-product","status-publish","has-post-thumbnail","hentry","product_cat-cocuk-cerrahisi","product_tag-cocukcerrahisi","product_tag-vezikoureteral-reflu","no-featured-image-padding"],"_links":{"self":[{"href":"https:\/\/www.yolmed.com\/en\/wp-json\/wp\/v2\/product\/373"}],"collection":[{"href":"https:\/\/www.yolmed.com\/en\/wp-json\/wp\/v2\/product"}],"about":[{"href":"https:\/\/www.yolmed.com\/en\/wp-json\/wp\/v2\/types\/product"}],"replies":[{"embeddable":true,"href":"https:\/\/www.yolmed.com\/en\/wp-json\/wp\/v2\/comments?post=373"}],"wp:featuredmedia":[{"embeddable":true,"href":"https:\/\/www.yolmed.com\/en\/wp-json\/wp\/v2\/media\/405"}],"wp:attachment":[{"href":"https:\/\/www.yolmed.com\/en\/wp-json\/wp\/v2\/media?parent=373"}],"curies":[{"name":"wp","href":"https:\/\/api.w.org\/{rel}","templated":true}]}}