{"id":375,"date":"2020-08-29T19:38:49","date_gmt":"2020-08-29T16:38:49","guid":{"rendered":"http:\/\/yolmed.com\/?post_type=product&#038;p=375"},"modified":"2024-02-29T01:53:08","modified_gmt":"2024-02-28T22:53:08","slug":"grade-2-vezikoureteral-reflu-vur","status":"publish","type":"product","link":"https:\/\/www.yolmed.com\/en\/urun\/grade-2-vezikoureteral-reflu-vur\/","title":{"rendered":"Grade 2 &#8211; Veziko\u00fcreteral Refl\u00fc (VUR)"},"content":{"rendered":"<p>Refl\u00fc renal pelvise ula\u015f\u0131r, toplay\u0131c\u0131 sistemde dilatasyon yok. Normal forniskler olan tipidir.<\/p>\n","protected":false},"excerpt":{"rendered":"<p>Refl\u00fc renal pelvise ula\u015f\u0131r, toplay\u0131c\u0131 sistemde dilatasyon yok. Normal forniskler olan tipidir.<\/p>\n","protected":false},"featured_media":406,"comment_status":"open","ping_status":"closed","template":"","meta":{"inline_featured_image":false},"class_list":["post-375","product","type-product","status-publish","has-post-thumbnail","hentry","product_cat-cocuk-cerrahisi","product_tag-cocukcerrahisi","product_tag-vezikoureteral-reflu","no-featured-image-padding"],"_links":{"self":[{"href":"https:\/\/www.yolmed.com\/en\/wp-json\/wp\/v2\/product\/375"}],"collection":[{"href":"https:\/\/www.yolmed.com\/en\/wp-json\/wp\/v2\/product"}],"about":[{"href":"https:\/\/www.yolmed.com\/en\/wp-json\/wp\/v2\/types\/product"}],"replies":[{"embeddable":true,"href":"https:\/\/www.yolmed.com\/en\/wp-json\/wp\/v2\/comments?post=375"}],"wp:featuredmedia":[{"embeddable":true,"href":"https:\/\/www.yolmed.com\/en\/wp-json\/wp\/v2\/media\/406"}],"wp:attachment":[{"href":"https:\/\/www.yolmed.com\/en\/wp-json\/wp\/v2\/media?parent=375"}],"curies":[{"name":"wp","href":"https:\/\/api.w.org\/{rel}","templated":true}]}}