{"id":379,"date":"2020-08-29T19:43:48","date_gmt":"2020-08-29T16:43:48","guid":{"rendered":"http:\/\/yolmed.com\/?post_type=product&#038;p=379"},"modified":"2022-06-19T00:38:30","modified_gmt":"2022-06-18T21:38:30","slug":"grade-4-vezikoureteral-reflu-vur","status":"publish","type":"product","link":"https:\/\/www.yolmed.com\/en\/urun\/grade-4-vezikoureteral-reflu-vur\/","title":{"rendered":"Grade 4 &#8211; Veziko\u00fcreteral Refl\u00fc (VUR)"},"content":{"rendered":"<p>\u00dcreterde orta derecede dilatasyon, toplay\u0131c\u0131 sistemde orta derecede dilatasyon, k\u00fcntle\u015fmi\u015f forniksler fakat papillar g\u00f6r\u00fclebilmekte olan tipidir.<\/p>\n","protected":false},"excerpt":{"rendered":"<p>\u00dcreterde orta derecede dilatasyon, toplay\u0131c\u0131 sistemde orta derecede dilatasyon, k\u00fcntle\u015fmi\u015f forniksler fakat papillar g\u00f6r\u00fclebilmekte olan tipidir.<\/p>\n","protected":false},"featured_media":409,"comment_status":"open","ping_status":"closed","template":"","meta":{"inline_featured_image":false},"class_list":["post-379","product","type-product","status-publish","has-post-thumbnail","hentry","product_cat-cocuk-cerrahisi","product_tag-cocukcerrahisi","product_tag-vezikoureteral-reflu","no-featured-image-padding"],"_links":{"self":[{"href":"https:\/\/www.yolmed.com\/en\/wp-json\/wp\/v2\/product\/379"}],"collection":[{"href":"https:\/\/www.yolmed.com\/en\/wp-json\/wp\/v2\/product"}],"about":[{"href":"https:\/\/www.yolmed.com\/en\/wp-json\/wp\/v2\/types\/product"}],"replies":[{"embeddable":true,"href":"https:\/\/www.yolmed.com\/en\/wp-json\/wp\/v2\/comments?post=379"}],"wp:featuredmedia":[{"embeddable":true,"href":"https:\/\/www.yolmed.com\/en\/wp-json\/wp\/v2\/media\/409"}],"wp:attachment":[{"href":"https:\/\/www.yolmed.com\/en\/wp-json\/wp\/v2\/media?parent=379"}],"curies":[{"name":"wp","href":"https:\/\/api.w.org\/{rel}","templated":true}]}}