{"id":380,"date":"2020-08-29T19:47:13","date_gmt":"2020-08-29T16:47:13","guid":{"rendered":"http:\/\/yolmed.com\/?post_type=product&#038;p=380"},"modified":"2024-07-03T01:13:31","modified_gmt":"2024-07-02T22:13:31","slug":"grade-5-vezikoureteral-reflu-vur","status":"publish","type":"product","link":"https:\/\/www.yolmed.com\/en\/urun\/grade-5-vezikoureteral-reflu-vur\/","title":{"rendered":"Grade 5 &#8211; Veziko\u00fcreteral Refl\u00fc (VUR)"},"content":{"rendered":"<p>\u00dcreterde gros dilatasyon ve\u00a0kinkle\u015fme, toplay\u0131c\u0131 sistemde belirgin dilatasyon, papillar g\u00f6r\u00fclememekte, intraparankimal refl\u00fc olan tipidir.<\/p>\n","protected":false},"excerpt":{"rendered":"<p>\u00dcreterde gros dilatasyon ve\u00a0kinkle\u015fme, toplay\u0131c\u0131 sistemde belirgin dilatasyon, papillar g\u00f6r\u00fclememekte, intraparankimal refl\u00fc olan tipidir.<\/p>\n","protected":false},"featured_media":410,"comment_status":"open","ping_status":"closed","template":"","meta":{"inline_featured_image":false},"class_list":["post-380","product","type-product","status-publish","has-post-thumbnail","hentry","product_cat-cocuk-cerrahisi","product_tag-cocukcerrahisi","product_tag-vezikoureteral-reflu","no-featured-image-padding"],"_links":{"self":[{"href":"https:\/\/www.yolmed.com\/en\/wp-json\/wp\/v2\/product\/380"}],"collection":[{"href":"https:\/\/www.yolmed.com\/en\/wp-json\/wp\/v2\/product"}],"about":[{"href":"https:\/\/www.yolmed.com\/en\/wp-json\/wp\/v2\/types\/product"}],"replies":[{"embeddable":true,"href":"https:\/\/www.yolmed.com\/en\/wp-json\/wp\/v2\/comments?post=380"}],"wp:featuredmedia":[{"embeddable":true,"href":"https:\/\/www.yolmed.com\/en\/wp-json\/wp\/v2\/media\/410"}],"wp:attachment":[{"href":"https:\/\/www.yolmed.com\/en\/wp-json\/wp\/v2\/media?parent=380"}],"curies":[{"name":"wp","href":"https:\/\/api.w.org\/{rel}","templated":true}]}}