{"id":382,"date":"2020-08-29T19:49:45","date_gmt":"2020-08-29T16:49:45","guid":{"rendered":"http:\/\/yolmed.com\/?post_type=product&#038;p=382"},"modified":"2024-10-14T01:09:32","modified_gmt":"2024-10-13T22:09:32","slug":"tip-a-ozofagus-atrezisi","status":"publish","type":"product","link":"https:\/\/www.yolmed.com\/en\/urun\/tip-a-ozofagus-atrezisi\/","title":{"rendered":"Tip A &#8211; \u00d6zofagus Atrezisi"},"content":{"rendered":"<p>Fist\u00fcls\u00fcz izole \u00f6zofagus atrezisi, \u00f6zofagus \u00fcst k\u0131sm\u0131 ile mide aras\u0131nda ba\u011flant\u0131n\u0131n olmad\u0131\u011f\u0131 tipidir.<\/p>\n","protected":false},"excerpt":{"rendered":"<p>Fist\u00fcls\u00fcz izole \u00f6zofagus atrezisi, \u00f6zofagus \u00fcst k\u0131sm\u0131 ile mide aras\u0131nda ba\u011flant\u0131n\u0131n olmad\u0131\u011f\u0131 tipidir.<\/p>\n","protected":false},"featured_media":418,"comment_status":"open","ping_status":"closed","template":"","meta":{"inline_featured_image":false},"class_list":["post-382","product","type-product","status-publish","has-post-thumbnail","hentry","product_cat-cocuk-cerrahisi","product_tag-cocukcerrahisi","product_tag-ozofagus-atrezisi","no-featured-image-padding"],"_links":{"self":[{"href":"https:\/\/www.yolmed.com\/en\/wp-json\/wp\/v2\/product\/382"}],"collection":[{"href":"https:\/\/www.yolmed.com\/en\/wp-json\/wp\/v2\/product"}],"about":[{"href":"https:\/\/www.yolmed.com\/en\/wp-json\/wp\/v2\/types\/product"}],"replies":[{"embeddable":true,"href":"https:\/\/www.yolmed.com\/en\/wp-json\/wp\/v2\/comments?post=382"}],"wp:featuredmedia":[{"embeddable":true,"href":"https:\/\/www.yolmed.com\/en\/wp-json\/wp\/v2\/media\/418"}],"wp:attachment":[{"href":"https:\/\/www.yolmed.com\/en\/wp-json\/wp\/v2\/media?parent=382"}],"curies":[{"name":"wp","href":"https:\/\/api.w.org\/{rel}","templated":true}]}}