{"id":436,"date":"2020-08-29T20:46:56","date_gmt":"2020-08-29T17:46:56","guid":{"rendered":"http:\/\/yolmed.com\/?post_type=product&#038;p=436"},"modified":"2024-03-09T07:08:12","modified_gmt":"2024-03-09T04:08:12","slug":"tip-e-ozofagus-atrezisi","status":"publish","type":"product","link":"https:\/\/www.yolmed.com\/en\/urun\/tip-e-ozofagus-atrezisi\/","title":{"rendered":"Tip E &#8211; \u00d6zofagus Atrezisi"},"content":{"rendered":"<p>&#8220;N&#8221; veya &#8220;H&#8221; tipte trakeo-\u00f6zofageal fist\u00fcl, \u00f6zofagus ile soluk borusu aras\u0131nda anormal ba\u011flant\u0131 olan tipidir.<\/p>\n","protected":false},"excerpt":{"rendered":"<p>&#8220;N&#8221; veya &#8220;H&#8221; tipte trakeo-\u00f6zofageal fist\u00fcl, \u00f6zofagus ile soluk borusu aras\u0131nda anormal ba\u011flant\u0131 olan tipidir.<\/p>\n","protected":false},"featured_media":419,"comment_status":"open","ping_status":"closed","template":"","meta":{"inline_featured_image":false},"class_list":["post-436","product","type-product","status-publish","has-post-thumbnail","hentry","product_cat-cocuk-cerrahisi","product_tag-cocukcerrahisi","product_tag-ozofagus-atrezisi","no-featured-image-padding"],"_links":{"self":[{"href":"https:\/\/www.yolmed.com\/en\/wp-json\/wp\/v2\/product\/436"}],"collection":[{"href":"https:\/\/www.yolmed.com\/en\/wp-json\/wp\/v2\/product"}],"about":[{"href":"https:\/\/www.yolmed.com\/en\/wp-json\/wp\/v2\/types\/product"}],"replies":[{"embeddable":true,"href":"https:\/\/www.yolmed.com\/en\/wp-json\/wp\/v2\/comments?post=436"}],"wp:featuredmedia":[{"embeddable":true,"href":"https:\/\/www.yolmed.com\/en\/wp-json\/wp\/v2\/media\/419"}],"wp:attachment":[{"href":"https:\/\/www.yolmed.com\/en\/wp-json\/wp\/v2\/media?parent=436"}],"curies":[{"name":"wp","href":"https:\/\/api.w.org\/{rel}","templated":true}]}}