{"id":437,"date":"2020-08-29T20:48:49","date_gmt":"2020-08-29T17:48:49","guid":{"rendered":"http:\/\/yolmed.com\/?post_type=product&#038;p=437"},"modified":"2024-03-03T02:19:42","modified_gmt":"2024-03-02T23:19:42","slug":"tip-i-jejunoileal-atrezi","status":"publish","type":"product","link":"https:\/\/www.yolmed.com\/en\/urun\/tip-i-jejunoileal-atrezi\/","title":{"rendered":"Tip I &#8211; Jejunoileal Atrezi"},"content":{"rendered":"<p>D\u0131\u015fardan normal ba\u011f\u0131rsak devaml\u0131l\u0131\u011f\u0131 mevcut. Ba\u011f\u0131rsak mezosu sa\u011flam. Ba\u011f\u0131rsak l\u00fcmeninden ge\u00e7i\u015fe izin vermeyen mukozal web (diyafram) mevcut olan tipidir.<\/p>\n","protected":false},"excerpt":{"rendered":"<p>D\u0131\u015fardan normal ba\u011f\u0131rsak devaml\u0131l\u0131\u011f\u0131 mevcut. Ba\u011f\u0131rsak mezosu sa\u011flam. Ba\u011f\u0131rsak l\u00fcmeninden ge\u00e7i\u015fe izin vermeyen mukozal web (diyafram) mevcut olan tipidir.<\/p>\n","protected":false},"featured_media":412,"comment_status":"open","ping_status":"closed","template":"","meta":{"inline_featured_image":false},"class_list":["post-437","product","type-product","status-publish","has-post-thumbnail","hentry","product_cat-cocuk-cerrahisi","product_tag-cocukcerrahisi","product_tag-jejunoileal-atrezi","no-featured-image-padding"],"_links":{"self":[{"href":"https:\/\/www.yolmed.com\/en\/wp-json\/wp\/v2\/product\/437"}],"collection":[{"href":"https:\/\/www.yolmed.com\/en\/wp-json\/wp\/v2\/product"}],"about":[{"href":"https:\/\/www.yolmed.com\/en\/wp-json\/wp\/v2\/types\/product"}],"replies":[{"embeddable":true,"href":"https:\/\/www.yolmed.com\/en\/wp-json\/wp\/v2\/comments?post=437"}],"wp:featuredmedia":[{"embeddable":true,"href":"https:\/\/www.yolmed.com\/en\/wp-json\/wp\/v2\/media\/412"}],"wp:attachment":[{"href":"https:\/\/www.yolmed.com\/en\/wp-json\/wp\/v2\/media?parent=437"}],"curies":[{"name":"wp","href":"https:\/\/api.w.org\/{rel}","templated":true}]}}