{"id":439,"date":"2020-08-29T20:53:38","date_gmt":"2020-08-29T17:53:38","guid":{"rendered":"http:\/\/yolmed.com\/?post_type=product&#038;p=439"},"modified":"2024-07-02T01:30:22","modified_gmt":"2024-07-01T22:30:22","slug":"tip-iii-jejunoileal-atrezi","status":"publish","type":"product","link":"https:\/\/www.yolmed.com\/en\/urun\/tip-iii-jejunoileal-atrezi\/","title":{"rendered":"Tip IIIa &#8211; Jejunoileal Atrezi"},"content":{"rendered":"<p>\u0130ki k\u00f6r u\u00e7 V \u015feklinde mezo defekti ile birbirinden tamamen ayr\u0131lm\u0131\u015ft\u0131r. \u0130nce ba\u011f\u0131rsak uzunlu\u011fu genelde normalden k\u0131sad\u0131r. En s\u0131k g\u00f6r\u00fclen tipidir.<\/p>\n","protected":false},"excerpt":{"rendered":"<p>\u0130ki k\u00f6r u\u00e7 V \u015feklinde mezo defekti ile birbirinden tamamen ayr\u0131lm\u0131\u015ft\u0131r. \u0130nce ba\u011f\u0131rsak uzunlu\u011fu genelde normalden k\u0131sad\u0131r. En s\u0131k g\u00f6r\u00fclen tipidir.<\/p>\n","protected":false},"featured_media":414,"comment_status":"open","ping_status":"closed","template":"","meta":{"inline_featured_image":false},"class_list":["post-439","product","type-product","status-publish","has-post-thumbnail","hentry","product_cat-cocuk-cerrahisi","product_tag-cocukcerrahisi","product_tag-jejunoileal-atrezi","no-featured-image-padding"],"_links":{"self":[{"href":"https:\/\/www.yolmed.com\/en\/wp-json\/wp\/v2\/product\/439"}],"collection":[{"href":"https:\/\/www.yolmed.com\/en\/wp-json\/wp\/v2\/product"}],"about":[{"href":"https:\/\/www.yolmed.com\/en\/wp-json\/wp\/v2\/types\/product"}],"replies":[{"embeddable":true,"href":"https:\/\/www.yolmed.com\/en\/wp-json\/wp\/v2\/comments?post=439"}],"wp:featuredmedia":[{"embeddable":true,"href":"https:\/\/www.yolmed.com\/en\/wp-json\/wp\/v2\/media\/414"}],"wp:attachment":[{"href":"https:\/\/www.yolmed.com\/en\/wp-json\/wp\/v2\/media?parent=439"}],"curies":[{"name":"wp","href":"https:\/\/api.w.org\/{rel}","templated":true}]}}